{"id":26862,"date":"2026-05-15T11:22:45","date_gmt":"2026-05-15T16:22:45","guid":{"rendered":"https:\/\/www.clinicajim.com\/clon\/?page_id=26862"},"modified":"2026-05-15T13:59:19","modified_gmt":"2026-05-15T18:59:19","slug":"geriatria","status":"publish","type":"page","link":"https:\/\/www.clinicajim.com\/clon\/department\/geriatria\/","title":{"rendered":"Geriatr\u00eda en Penonom\u00e9: Atenci\u00f3n Integral para el Adulto Mayor"},"content":{"rendered":"\n<p>Especialista M\u00e9dica: Dra. Daniela Roque<\/p>\n\n\n\n<figure class=\"wp-block-embed is-type-video is-provider-youtube wp-block-embed-youtube wp-embed-aspect-16-9 wp-has-aspect-ratio\"><div class=\"wp-block-embed__wrapper\">\n<iframe title=\"Doctora Daniela Roque - Especialista en Geriatr\u00eda en Penonom\u00e9 - Cl\u00ednica M\u00e9dico Dental JIM\" width=\"500\" height=\"281\" src=\"https:\/\/www.youtube.com\/embed\/p9WwdWvzkxk?feature=oembed\" frameborder=\"0\" allow=\"accelerometer; autoplay; clipboard-write; encrypted-media; gyroscope; picture-in-picture; web-share\" referrerpolicy=\"strict-origin-when-cross-origin\" allowfullscreen><\/iframe>\n<\/div><\/figure>\n\n\n\n<p>En <strong>Cl\u00ednica JIM<\/strong> nos complace ofrecer la atenci\u00f3n especializada en <strong>Geriatr\u00eda en Penonom\u00e9 a cargo de la Dra. Daniela Roque<\/strong>.<\/p>\n\n\n\n<p>La geriatr\u00eda es la rama m\u00e9dica dedicada a la prevenci\u00f3n, diagn\u00f3stico, tratamiento y rehabilitaci\u00f3n precoz del adulto mayor. Nuestro objetivo primordial es preservar la autonom\u00eda de los pacientes mayores y garantizar su calidad de vida.<\/p>\n\n\n\n<p><strong>\u00bfCu\u00e1ndo consultar con nuestra especialista en geriatr\u00eda en Cocl\u00e9?<\/strong><br>Acompa\u00f1amos a su familiar en el manejo integral de condiciones complejas como:<\/p>\n\n\n\n<ul class=\"wp-block-list\">\n<li><strong>Control de Enfermedades Cr\u00f3nicas:<\/strong> Diabetes Mellitus, hipertensi\u00f3n y dislipidemia.<\/li>\n\n\n\n<li><strong>Salud Cognitiva y Neurol\u00f3gica:<\/strong> Diagn\u00f3stico y seguimiento de Demencia, Deterioro Funcional y secuelas de Enfermedad Vascular Cerebral.<\/li>\n\n\n\n<li><strong>Optimizaci\u00f3n M\u00e9dica:<\/strong> Evaluaci\u00f3n de Polifarmacia (evitar el exceso o conflicto de medicamentos) y Valoraci\u00f3n M\u00e9dica Preoperatoria.<\/li>\n\n\n\n<li><strong>Cuidados Complejos:<\/strong> Prevenci\u00f3n de Neumon\u00eda, atenci\u00f3n en Enfermedad Terminal (Oncol\u00f3gica y No Oncol\u00f3gica) y asesor\u00eda en Envejecimiento Exitoso.<\/li>\n<\/ul>\n\n\n\n<p>Entendemos el reto familiar que esto representa, por ello incluimos sesiones de <strong>Asesor\u00eda al cuidador del Adulto Mayor<\/strong>, brind\u00e1ndoles herramientas para un cuidado compasivo y seguro en casa.<\/p>\n\n\n\n<figure data-spectra-id=\"spectra-mp74l2r3-okvm5v\" class=\"wp-block-image size-full\"><img fetchpriority=\"high\" decoding=\"async\" width=\"512\" height=\"512\" src=\"http:\/\/www.clinicajim.com\/clon\/wp-content\/uploads\/2025\/05\/11.png\" alt=\"11\" class=\"wp-image-6193\" title=\"Geriatr\u00eda en Penonom\u00e9: Atenci\u00f3n Integral para el Adulto Mayor\"><\/figure>\n","protected":false},"excerpt":{"rendered":"<p>Especialista M\u00e9dica: Dra. Daniela Roque En Cl\u00ednica JIM nos complace ofrecer la atenci\u00f3n especializada en Geriatr\u00eda en Penonom\u00e9 a cargo de la Dra. Daniela Roque. La geriatr\u00eda es la rama m\u00e9dica dedicada a la prevenci\u00f3n, diagn\u00f3stico, tratamiento y rehabilitaci\u00f3n precoz del adulto mayor. Nuestro objetivo primordial es preservar la autonom\u00eda de los pacientes mayores y [&hellip;]<\/p>\n","protected":false},"author":1,"featured_media":0,"parent":26930,"menu_order":0,"comment_status":"closed","ping_status":"closed","template":"","meta":{"_uag_custom_page_level_css":"","site-sidebar-layout":"default","site-content-layout":"","ast-site-content-layout":"default","site-content-style":"default","site-sidebar-style":"default","ast-global-header-display":"","ast-banner-title-visibility":"","ast-main-header-display":"","ast-hfb-above-header-display":"","ast-hfb-below-header-display":"","ast-hfb-mobile-header-display":"","site-post-title":"","ast-breadcrumbs-content":"","ast-featured-img":"","footer-sml-layout":"","ast-disable-related-posts":"","theme-transparent-header-meta":"","adv-header-id-meta":"","stick-header-meta":"","header-above-stick-meta":"","header-main-stick-meta":"","header-below-stick-meta":"","astra-migrate-meta-layouts":"set","ast-page-background-enabled":"default","ast-page-background-meta":{"desktop":{"background-color":"","background-image":"","background-repeat":"repeat","background-position":"center center","background-size":"auto","background-attachment":"scroll","background-type":"","background-media":"","overlay-type":"","overlay-color":"","overlay-opacity":"","overlay-gradient":""},"tablet":{"background-color":"","background-image":"","background-repeat":"repeat","background-position":"center center","background-size":"auto","background-attachment":"scroll","background-type":"","background-media":"","overlay-type":"","overlay-color":"","overlay-opacity":"","overlay-gradient":""},"mobile":{"background-color":"","background-image":"","background-repeat":"repeat","background-position":"center center","background-size":"auto","background-attachment":"scroll","background-type":"","background-media":"","overlay-type":"","overlay-color":"","overlay-opacity":"","overlay-gradient":""}},"ast-content-background-meta":{"desktop":{"background-color":"var(--ast-global-color-5)","background-image":"","background-repeat":"repeat","background-position":"center center","background-size":"auto","background-attachment":"scroll","background-type":"","background-media":"","overlay-type":"","overlay-color":"","overlay-opacity":"","overlay-gradient":""},"tablet":{"background-color":"var(--ast-global-color-5)","background-image":"","background-repeat":"repeat","background-position":"center center","background-size":"auto","background-attachment":"scroll","background-type":"","background-media":"","overlay-type":"","overlay-color":"","overlay-opacity":"","overlay-gradient":""},"mobile":{"background-color":"var(--ast-global-color-5)","background-image":"","background-repeat":"repeat","background-position":"center center","background-size":"auto","background-attachment":"scroll","background-type":"","background-media":"","overlay-type":"","overlay-color":"","overlay-opacity":"","overlay-gradient":""}},"_joinchat":[],"footnotes":""},"class_list":["post-26862","page","type-page","status-publish","hentry"],"yoast_head":"<!-- This site is optimized with the Yoast SEO plugin v27.6 - https:\/\/yoast.com\/product\/yoast-seo-wordpress\/ -->\n<title>Geriatr\u00eda en Penonom\u00e9: Atenci\u00f3n Integral para el Adulto Mayor - Cl\u00ednica JIM<\/title>\n<meta name=\"description\" content=\"\u00bfBuscas atenci\u00f3n integral para el adulto mayor en Cocl\u00e9? La Dra. Daniela Roque ofrece consultas de geriatr\u00eda, control de diabetes, demencia y asesor\u00eda al cuidador en Cl\u00ednica JIM.\" \/>\n<meta name=\"robots\" content=\"index, follow, max-snippet:-1, max-image-preview:large, max-video-preview:-1\" \/>\n<link rel=\"canonical\" href=\"https:\/\/www.clinicajim.com\/clon\/department\/geriatria\/\" \/>\n<meta property=\"og:locale\" content=\"es_MX\" \/>\n<meta property=\"og:type\" content=\"article\" \/>\n<meta property=\"og:title\" content=\"Geriatr\u00eda en Penonom\u00e9: Atenci\u00f3n Integral para el Adulto Mayor - Cl\u00ednica JIM\" \/>\n<meta property=\"og:description\" content=\"\u00bfBuscas atenci\u00f3n integral para el adulto mayor en Cocl\u00e9? La Dra. Daniela Roque ofrece consultas de geriatr\u00eda, control de diabetes, demencia y asesor\u00eda al cuidador en Cl\u00ednica JIM.\" \/>\n<meta property=\"og:url\" content=\"https:\/\/www.clinicajim.com\/clon\/department\/geriatria\/\" \/>\n<meta property=\"og:site_name\" content=\"Cl\u00ednica JIM\" \/>\n<meta property=\"article:publisher\" content=\"https:\/\/www.facebook.com\/Cl%c3%adnica-JIM-120998021958871\" \/>\n<meta property=\"article:modified_time\" content=\"2026-05-15T18:59:19+00:00\" \/>\n<meta property=\"og:image\" content=\"https:\/\/www.clinicajim.com\/clon\/wp-content\/uploads\/2025\/05\/11.png\" \/>\n\t<meta property=\"og:image:width\" content=\"512\" \/>\n\t<meta property=\"og:image:height\" content=\"512\" \/>\n\t<meta property=\"og:image:type\" content=\"image\/png\" \/>\n<meta name=\"twitter:card\" content=\"summary_large_image\" \/>\n<meta name=\"twitter:label1\" content=\"Tiempo de lectura\" \/>\n\t<meta name=\"twitter:data1\" content=\"1 minuto\" \/>\n<script type=\"application\/ld+json\" class=\"yoast-schema-graph\">{\"@context\":\"https:\\\/\\\/schema.org\",\"@graph\":[{\"@type\":\"WebPage\",\"@id\":\"https:\\\/\\\/www.clinicajim.com\\\/clon\\\/department\\\/geriatria\\\/\",\"url\":\"https:\\\/\\\/www.clinicajim.com\\\/clon\\\/department\\\/geriatria\\\/\",\"name\":\"Geriatr\u00eda en Penonom\u00e9: Atenci\u00f3n Integral para el Adulto Mayor - Cl\u00ednica JIM\",\"isPartOf\":{\"@id\":\"http:\\\/\\\/www.clinicajim.com\\\/clon\\\/#website\"},\"primaryImageOfPage\":{\"@id\":\"https:\\\/\\\/www.clinicajim.com\\\/clon\\\/department\\\/geriatria\\\/#primaryimage\"},\"image\":{\"@id\":\"https:\\\/\\\/www.clinicajim.com\\\/clon\\\/department\\\/geriatria\\\/#primaryimage\"},\"thumbnailUrl\":\"http:\\\/\\\/www.clinicajim.com\\\/clon\\\/wp-content\\\/uploads\\\/2025\\\/05\\\/11.png\",\"datePublished\":\"2026-05-15T16:22:45+00:00\",\"dateModified\":\"2026-05-15T18:59:19+00:00\",\"description\":\"\u00bfBuscas atenci\u00f3n integral para el adulto mayor en Cocl\u00e9? La Dra. Daniela Roque ofrece consultas de geriatr\u00eda, control de diabetes, demencia y asesor\u00eda al cuidador en Cl\u00ednica JIM.\",\"breadcrumb\":{\"@id\":\"https:\\\/\\\/www.clinicajim.com\\\/clon\\\/department\\\/geriatria\\\/#breadcrumb\"},\"inLanguage\":\"es\",\"potentialAction\":[{\"@type\":\"ReadAction\",\"target\":[\"https:\\\/\\\/www.clinicajim.com\\\/clon\\\/department\\\/geriatria\\\/\"]}]},{\"@type\":\"ImageObject\",\"inLanguage\":\"es\",\"@id\":\"https:\\\/\\\/www.clinicajim.com\\\/clon\\\/department\\\/geriatria\\\/#primaryimage\",\"url\":\"https:\\\/\\\/www.clinicajim.com\\\/clon\\\/wp-content\\\/uploads\\\/2025\\\/05\\\/11.png\",\"contentUrl\":\"https:\\\/\\\/www.clinicajim.com\\\/clon\\\/wp-content\\\/uploads\\\/2025\\\/05\\\/11.png\",\"width\":512,\"height\":512},{\"@type\":\"BreadcrumbList\",\"@id\":\"https:\\\/\\\/www.clinicajim.com\\\/clon\\\/department\\\/geriatria\\\/#breadcrumb\",\"itemListElement\":[{\"@type\":\"ListItem\",\"position\":1,\"name\":\"Portada\",\"item\":\"https:\\\/\\\/www.clinicajim.com\\\/clon\\\/\"},{\"@type\":\"ListItem\",\"position\":2,\"name\":\"Department\",\"item\":\"https:\\\/\\\/www.clinicajim.com\\\/clon\\\/department\\\/\"},{\"@type\":\"ListItem\",\"position\":3,\"name\":\"Geriatr\u00eda en Penonom\u00e9: Atenci\u00f3n Integral para el Adulto Mayor\"}]},{\"@type\":\"WebSite\",\"@id\":\"http:\\\/\\\/www.clinicajim.com\\\/clon\\\/#website\",\"url\":\"http:\\\/\\\/www.clinicajim.com\\\/clon\\\/\",\"name\":\"Cl\u00ednica JIM\",\"description\":\"Cl\u00ednica Medico Dental en Penonom\u00e9\",\"publisher\":{\"@id\":\"http:\\\/\\\/www.clinicajim.com\\\/clon\\\/#organization\"},\"potentialAction\":[{\"@type\":\"SearchAction\",\"target\":{\"@type\":\"EntryPoint\",\"urlTemplate\":\"http:\\\/\\\/www.clinicajim.com\\\/clon\\\/?s={search_term_string}\"},\"query-input\":{\"@type\":\"PropertyValueSpecification\",\"valueRequired\":true,\"valueName\":\"search_term_string\"}}],\"inLanguage\":\"es\"},{\"@type\":\"Organization\",\"@id\":\"http:\\\/\\\/www.clinicajim.com\\\/clon\\\/#organization\",\"name\":\"CLINICA JIM\",\"url\":\"http:\\\/\\\/www.clinicajim.com\\\/clon\\\/\",\"logo\":{\"@type\":\"ImageObject\",\"inLanguage\":\"es\",\"@id\":\"http:\\\/\\\/www.clinicajim.com\\\/clon\\\/#\\\/schema\\\/logo\\\/image\\\/\",\"url\":\"http:\\\/\\\/www.clinicajim.com\\\/clon\\\/wp-content\\\/uploads\\\/2019\\\/02\\\/logo-clinica-jim-penonome-doctor.jpg\",\"contentUrl\":\"http:\\\/\\\/www.clinicajim.com\\\/clon\\\/wp-content\\\/uploads\\\/2019\\\/02\\\/logo-clinica-jim-penonome-doctor.jpg\",\"width\":150,\"height\":67,\"caption\":\"CLINICA JIM\"},\"image\":{\"@id\":\"http:\\\/\\\/www.clinicajim.com\\\/clon\\\/#\\\/schema\\\/logo\\\/image\\\/\"},\"sameAs\":[\"https:\\\/\\\/www.facebook.com\\\/Cl\u00ednica-JIM-120998021958871\",\"https:\\\/\\\/www.instagram.com\\\/clinica_jim\"]}]}<\/script>\n<!-- \/ Yoast SEO plugin. -->","yoast_head_json":{"title":"Geriatr\u00eda en Penonom\u00e9: Atenci\u00f3n Integral para el Adulto Mayor - Cl\u00ednica JIM","description":"\u00bfBuscas atenci\u00f3n integral para el adulto mayor en Cocl\u00e9? La Dra. Daniela Roque ofrece consultas de geriatr\u00eda, control de diabetes, demencia y asesor\u00eda al cuidador en Cl\u00ednica JIM.","robots":{"index":"index","follow":"follow","max-snippet":"max-snippet:-1","max-image-preview":"max-image-preview:large","max-video-preview":"max-video-preview:-1"},"canonical":"https:\/\/www.clinicajim.com\/clon\/department\/geriatria\/","og_locale":"es_MX","og_type":"article","og_title":"Geriatr\u00eda en Penonom\u00e9: Atenci\u00f3n Integral para el Adulto Mayor - Cl\u00ednica JIM","og_description":"\u00bfBuscas atenci\u00f3n integral para el adulto mayor en Cocl\u00e9? La Dra. Daniela Roque ofrece consultas de geriatr\u00eda, control de diabetes, demencia y asesor\u00eda al cuidador en Cl\u00ednica JIM.","og_url":"https:\/\/www.clinicajim.com\/clon\/department\/geriatria\/","og_site_name":"Cl\u00ednica JIM","article_publisher":"https:\/\/www.facebook.com\/Cl%c3%adnica-JIM-120998021958871","article_modified_time":"2026-05-15T18:59:19+00:00","og_image":[{"width":512,"height":512,"url":"https:\/\/www.clinicajim.com\/clon\/wp-content\/uploads\/2025\/05\/11.png","type":"image\/png"}],"twitter_card":"summary_large_image","twitter_misc":{"Tiempo de lectura":"1 minuto"},"schema":{"@context":"https:\/\/schema.org","@graph":[{"@type":"WebPage","@id":"https:\/\/www.clinicajim.com\/clon\/department\/geriatria\/","url":"https:\/\/www.clinicajim.com\/clon\/department\/geriatria\/","name":"Geriatr\u00eda en Penonom\u00e9: Atenci\u00f3n Integral para el Adulto Mayor - Cl\u00ednica JIM","isPartOf":{"@id":"http:\/\/www.clinicajim.com\/clon\/#website"},"primaryImageOfPage":{"@id":"https:\/\/www.clinicajim.com\/clon\/department\/geriatria\/#primaryimage"},"image":{"@id":"https:\/\/www.clinicajim.com\/clon\/department\/geriatria\/#primaryimage"},"thumbnailUrl":"http:\/\/www.clinicajim.com\/clon\/wp-content\/uploads\/2025\/05\/11.png","datePublished":"2026-05-15T16:22:45+00:00","dateModified":"2026-05-15T18:59:19+00:00","description":"\u00bfBuscas atenci\u00f3n integral para el adulto mayor en Cocl\u00e9? La Dra. Daniela Roque ofrece consultas de geriatr\u00eda, control de diabetes, demencia y asesor\u00eda al cuidador en Cl\u00ednica JIM.","breadcrumb":{"@id":"https:\/\/www.clinicajim.com\/clon\/department\/geriatria\/#breadcrumb"},"inLanguage":"es","potentialAction":[{"@type":"ReadAction","target":["https:\/\/www.clinicajim.com\/clon\/department\/geriatria\/"]}]},{"@type":"ImageObject","inLanguage":"es","@id":"https:\/\/www.clinicajim.com\/clon\/department\/geriatria\/#primaryimage","url":"https:\/\/www.clinicajim.com\/clon\/wp-content\/uploads\/2025\/05\/11.png","contentUrl":"https:\/\/www.clinicajim.com\/clon\/wp-content\/uploads\/2025\/05\/11.png","width":512,"height":512},{"@type":"BreadcrumbList","@id":"https:\/\/www.clinicajim.com\/clon\/department\/geriatria\/#breadcrumb","itemListElement":[{"@type":"ListItem","position":1,"name":"Portada","item":"https:\/\/www.clinicajim.com\/clon\/"},{"@type":"ListItem","position":2,"name":"Department","item":"https:\/\/www.clinicajim.com\/clon\/department\/"},{"@type":"ListItem","position":3,"name":"Geriatr\u00eda en Penonom\u00e9: Atenci\u00f3n Integral para el Adulto Mayor"}]},{"@type":"WebSite","@id":"http:\/\/www.clinicajim.com\/clon\/#website","url":"http:\/\/www.clinicajim.com\/clon\/","name":"Cl\u00ednica JIM","description":"Cl\u00ednica Medico Dental en Penonom\u00e9","publisher":{"@id":"http:\/\/www.clinicajim.com\/clon\/#organization"},"potentialAction":[{"@type":"SearchAction","target":{"@type":"EntryPoint","urlTemplate":"http:\/\/www.clinicajim.com\/clon\/?s={search_term_string}"},"query-input":{"@type":"PropertyValueSpecification","valueRequired":true,"valueName":"search_term_string"}}],"inLanguage":"es"},{"@type":"Organization","@id":"http:\/\/www.clinicajim.com\/clon\/#organization","name":"CLINICA JIM","url":"http:\/\/www.clinicajim.com\/clon\/","logo":{"@type":"ImageObject","inLanguage":"es","@id":"http:\/\/www.clinicajim.com\/clon\/#\/schema\/logo\/image\/","url":"http:\/\/www.clinicajim.com\/clon\/wp-content\/uploads\/2019\/02\/logo-clinica-jim-penonome-doctor.jpg","contentUrl":"http:\/\/www.clinicajim.com\/clon\/wp-content\/uploads\/2019\/02\/logo-clinica-jim-penonome-doctor.jpg","width":150,"height":67,"caption":"CLINICA JIM"},"image":{"@id":"http:\/\/www.clinicajim.com\/clon\/#\/schema\/logo\/image\/"},"sameAs":["https:\/\/www.facebook.com\/Cl\u00ednica-JIM-120998021958871","https:\/\/www.instagram.com\/clinica_jim"]}]}},"uagb_featured_image_src":{"full":false,"thumbnail":false,"medium":false,"medium_large":false,"large":false,"1536x1536":false,"2048x2048":false},"uagb_author_info":{"display_name":"Manuel Zurita","author_link":"https:\/\/www.clinicajim.com\/clon\/author\/manuel\/"},"uagb_comment_info":0,"uagb_excerpt":"Especialista M\u00e9dica: Dra. Daniela Roque En Cl\u00ednica JIM nos complace ofrecer la atenci\u00f3n especializada en Geriatr\u00eda en Penonom\u00e9 a cargo de la Dra. Daniela Roque. La geriatr\u00eda es la rama m\u00e9dica dedicada a la prevenci\u00f3n, diagn\u00f3stico, tratamiento y rehabilitaci\u00f3n precoz del adulto mayor. Nuestro objetivo primordial es preservar la autonom\u00eda de los pacientes mayores y&hellip;","_links":{"self":[{"href":"https:\/\/www.clinicajim.com\/clon\/wp-json\/wp\/v2\/pages\/26862","targetHints":{"allow":["GET"]}}],"collection":[{"href":"https:\/\/www.clinicajim.com\/clon\/wp-json\/wp\/v2\/pages"}],"about":[{"href":"https:\/\/www.clinicajim.com\/clon\/wp-json\/wp\/v2\/types\/page"}],"author":[{"embeddable":true,"href":"https:\/\/www.clinicajim.com\/clon\/wp-json\/wp\/v2\/users\/1"}],"replies":[{"embeddable":true,"href":"https:\/\/www.clinicajim.com\/clon\/wp-json\/wp\/v2\/comments?post=26862"}],"version-history":[{"count":1,"href":"https:\/\/www.clinicajim.com\/clon\/wp-json\/wp\/v2\/pages\/26862\/revisions"}],"predecessor-version":[{"id":26863,"href":"https:\/\/www.clinicajim.com\/clon\/wp-json\/wp\/v2\/pages\/26862\/revisions\/26863"}],"up":[{"embeddable":true,"href":"https:\/\/www.clinicajim.com\/clon\/wp-json\/wp\/v2\/pages\/26930"}],"wp:attachment":[{"href":"https:\/\/www.clinicajim.com\/clon\/wp-json\/wp\/v2\/media?parent=26862"}],"curies":[{"name":"wp","href":"https:\/\/api.w.org\/{rel}","templated":true}]}}